{"id":6,"date":"2015-10-05T14:15:44","date_gmt":"2015-10-05T12:15:44","guid":{"rendered":"http:\/\/charismaleben.ch\/WP\/?page_id=6"},"modified":"2020-07-30T12:46:55","modified_gmt":"2020-07-30T10:46:55","slug":"home","status":"publish","type":"page","link":"https:\/\/charismaleben.ch\/WP\/","title":{"rendered":"HOME"},"content":{"rendered":"<p align=\"LEFT\"><strong>Willkommen auf der Charisma-leben Homepage!<\/strong><\/p>\n<p align=\"LEFT\">Meine Frage an Sie:<\/p>\n<p align=\"LEFT\">Was macht eine\u00a0geachtete Person zu einer charismatischen Pers\u00f6nlichkeit, einen fachlich\u00a0versierten Verk\u00e4ufer zu einem charismatischen Kunden-Versteher, einen\u00a0respektierten Chef zu einer charismatischen F\u00fchrungskraft?<\/p>\n<p align=\"LEFT\">Charismatisch\u00a0zu wirken\u00a0und eine charismatische Ausstrahlung zu besitzen ist lernbar!<\/p>\n<p align=\"LEFT\">Erleben Sie Ihr ganz pers\u00f6nliches Charisma! Charisma ist lernbar. Warum? Weil Sie es bereits besitzen! Sie\u00a0 m\u00fcssen nur\u00a0ihre charismatischen Potentiale in ihren ganz pers\u00f6nlichen\u00a0Verhaltensweisen und in\u00a0ihren Charaktereigenschaften\u00a0 erkennen (wollen). Dann sind Sie bereit und in der Lage diese f\u00fcr sich zu entwickeln.<\/p>\n<p align=\"LEFT\"><em>Ihre Mitmenschen werden genau dies an Ihnen sch\u00e4tzen. Versprochen!<\/em><\/p>\n<p align=\"LEFT\">Peter Suter<\/p>\n<p align=\"LEFT\">&gt;&gt;&gt; <a href=\"https:\/\/www.facebook.com\/profile.php?id=100013168577897&amp;fref=%2Freqs.php\" target=\"_blank\" rel=\"noopener noreferrer\">Facebook<\/a><\/p>\n<hr \/>\n<p align=\"LEFT\"><strong>AKTUELL<\/strong>:<\/p>\n<p align=\"LEFT\"><img loading=\"lazy\" class=\"alignright\" src=\"http:\/\/charismaleben.ch\/WP\/wp-content\/uploads\/2015\/10\/IMG_0402.jpg\" width=\"198\" height=\"264\" \/><\/p>\n<p align=\"LEFT\"><strong>Tagesseminar Erfolg durch Charisma:<\/strong><\/p>\n<p align=\"LEFT\">Auch 2020 und 2021 sind Tagesseminare wieder m\u00f6glich, wenn sich gen\u00fcgend Interessenten finden.<br \/>Kursorte k\u00f6nnen nach Bedarf festgelegt werden.<\/p>\n<p align=\"LEFT\">&gt;&gt;&gt; anfragen: <a href=\"mailto:info@charismaleben.ch\" target=\"_blank\" rel=\"noopener noreferrer\">Mail schreiben<\/a><\/p>\n<p align=\"LEFT\">Was ist Ihre Meinung?<br \/>&gt;&gt;&gt;<a href=\"http:\/\/charismaleben.ch\/WP\/ist-charisma-lernbar-oder-nicht\/\"> zur Diskussion<\/a><\/p>\n<hr \/>\n<p><strong>BUCHTIPP:<br \/><\/strong><img loading=\"lazy\" class=\"size-medium wp-image-55 alignright\" src=\"http:\/\/charismaleben.ch\/WP\/wp-content\/uploads\/2015\/10\/7Themen_Umschlag_200-195x300.jpg\" alt=\"7Themen_Umschlag_200\" width=\"195\" height=\"300\" srcset=\"https:\/\/charismaleben.ch\/WP\/wp-content\/uploads\/2015\/10\/7Themen_Umschlag_200-195x300.jpg 195w, https:\/\/charismaleben.ch\/WP\/wp-content\/uploads\/2015\/10\/7Themen_Umschlag_200.jpg 200w\" sizes=\"(max-width: 195px) 100vw, 195px\" \/><br \/><strong>7 Themen f\u00fcr mehr pers\u00f6nliche Wirkung<\/strong><\/p>\n<p>Wie Sie Ihr Leben erfolgreich gestalten<\/p>\n<p align=\"LEFT\">In diesem Booklet finden Sie einige ausgew\u00e4hlte Checklisten, Regeln und Tipps zum Anwenden am Arbeitsplatz und im Alltag \u2013 dank handlichem Format stets griffbereit.<br \/>Tipp: Auch als Geschenk beliebt..<\/p>\n<p align=\"LEFT\">&gt;&gt; <a href=\"http:\/\/charismaleben.ch\/WP\/doku-center\/\" target=\"_blank\" rel=\"noopener noreferrer\">mehr <\/a><\/p>\n<hr \/>\n<p><strong>MEDIENSPIEGEL:<br \/>&gt;&gt;&gt; <\/strong><a href=\"http:\/\/charismaleben.ch\/WP\/wp-content\/uploads\/2016\/11\/161122-Haupttext.pdf\" target=\"_blank\" rel=\"noopener noreferrer\">Vortrag &#8222;Charismatisch verkaufen&#8220; im Business Park Laufental Thierstein (BPLT)<\/a>,\u00a0 22. November 2016<strong><br \/>&gt;&gt;&gt; <\/strong><a href=\"http:\/\/charismaleben.ch\/WP\/wp-content\/uploads\/2015\/11\/Artikel_AZ-Fricktal_26-11-15.pdf\" target=\"_blank\" rel=\"noopener noreferrer\">Artikel AZ Charismapapst 26. November 2015<\/a><\/p>\n<hr \/>\n<p><strong>CHARISMA &#8211; NEWSLETTER:<\/strong><\/p>\n<p>Immer informiert und nichts verpassen mit dem viertelj\u00e4hrlichen CHARISMA &#8211; Newsletter: Senden Sie uns eine Mail, und wir tragen Sie in die Newsletterabonnentenliste ein. Besten Dank!<\/p>\n<hr \/>\n\n\n<p><\/p>\n","protected":false},"excerpt":{"rendered":"<p>Willkommen auf der Charisma-leben Homepage! Meine Frage an Sie: Was macht eine\u00a0geachtete Person zu einer charismatischen Pers\u00f6nlichkeit, einen fachlich\u00a0versierten Verk\u00e4ufer zu einem charismatischen Kunden-Versteher, einen\u00a0respektierten Chef zu einer charismatischen F\u00fchrungskraft? Charismatisch\u00a0zu wirken\u00a0und eine charismatische Ausstrahlung zu besitzen ist lernbar! Erleben &hellip; <a href=\"https:\/\/charismaleben.ch\/WP\/\">Weiterlesen <span class=\"meta-nav\">&rarr;<\/span><\/a><\/p>\n","protected":false},"author":3,"featured_media":0,"parent":0,"menu_order":0,"comment_status":"closed","ping_status":"closed","template":"","meta":[],"yoast_head":"<!-- This site is optimized with the Yoast SEO plugin v19.4 - https:\/\/yoast.com\/wordpress\/plugins\/seo\/ -->\n<title>HOME - CHARISMA - leben<\/title>\n<meta name=\"description\" content=\"Erleben Sie Ihr ganz pers\u00f6nliches Charisma! Charisma ist lernbar. Die F\u00e4higkeit andere Menschen zu inspirieren, zu \u00fcberzeugen und f\u00fchren zu k\u00f6nnen.\" \/>\n<meta name=\"robots\" content=\"index, follow, max-snippet:-1, max-image-preview:large, max-video-preview:-1\" \/>\n<link rel=\"canonical\" href=\"https:\/\/charismaleben.ch\/WP\/\" \/>\n<meta property=\"og:locale\" content=\"de_DE\" \/>\n<meta property=\"og:type\" content=\"article\" \/>\n<meta property=\"og:title\" content=\"HOME - CHARISMA - leben\" \/>\n<meta property=\"og:description\" content=\"Erleben Sie Ihr ganz pers\u00f6nliches Charisma! Charisma ist lernbar. Die F\u00e4higkeit andere Menschen zu inspirieren, zu \u00fcberzeugen und f\u00fchren zu k\u00f6nnen.\" \/>\n<meta property=\"og:url\" content=\"https:\/\/charismaleben.ch\/WP\/\" \/>\n<meta property=\"og:site_name\" content=\"CHARISMA - leben\" \/>\n<meta property=\"article:modified_time\" content=\"2020-07-30T10:46:55+00:00\" \/>\n<meta property=\"og:image\" content=\"http:\/\/charismaleben.ch\/WP\/wp-content\/uploads\/2015\/10\/IMG_0402.jpg\" \/>\n<meta name=\"twitter:card\" content=\"summary\" \/>\n<meta name=\"twitter:label1\" content=\"Gesch\u00e4tzte Lesezeit\" \/>\n\t<meta name=\"twitter:data1\" content=\"1\u00a0Minute\" \/>\n<script type=\"application\/ld+json\" class=\"yoast-schema-graph\">{\"@context\":\"https:\/\/schema.org\",\"@graph\":[{\"@type\":\"WebSite\",\"@id\":\"https:\/\/charismaleben.ch\/WP\/#website\",\"url\":\"https:\/\/charismaleben.ch\/WP\/\",\"name\":\"CHARISMA - leben\",\"description\":\"Charisma - Mythos gel\u00fcftet\",\"potentialAction\":[{\"@type\":\"SearchAction\",\"target\":{\"@type\":\"EntryPoint\",\"urlTemplate\":\"https:\/\/charismaleben.ch\/WP\/?s={search_term_string}\"},\"query-input\":\"required name=search_term_string\"}],\"inLanguage\":\"de\"},{\"@type\":\"WebPage\",\"@id\":\"https:\/\/charismaleben.ch\/WP\/\",\"url\":\"https:\/\/charismaleben.ch\/WP\/\",\"name\":\"HOME - CHARISMA - leben\",\"isPartOf\":{\"@id\":\"https:\/\/charismaleben.ch\/WP\/#website\"},\"datePublished\":\"2015-10-05T12:15:44+00:00\",\"dateModified\":\"2020-07-30T10:46:55+00:00\",\"description\":\"Erleben Sie Ihr ganz pers\u00f6nliches Charisma! Charisma ist lernbar. Die F\u00e4higkeit andere Menschen zu inspirieren, zu \u00fcberzeugen und f\u00fchren zu k\u00f6nnen.\",\"breadcrumb\":{\"@id\":\"https:\/\/charismaleben.ch\/WP\/#breadcrumb\"},\"inLanguage\":\"de\",\"potentialAction\":[{\"@type\":\"ReadAction\",\"target\":[\"https:\/\/charismaleben.ch\/WP\/\"]}]},{\"@type\":\"BreadcrumbList\",\"@id\":\"https:\/\/charismaleben.ch\/WP\/#breadcrumb\",\"itemListElement\":[{\"@type\":\"ListItem\",\"position\":1,\"name\":\"Startseite\",\"item\":\"https:\/\/charismaleben.ch\/WP\/\"},{\"@type\":\"ListItem\",\"position\":2,\"name\":\"HOME\"}]}]}<\/script>\n<!-- \/ Yoast SEO plugin. -->","yoast_head_json":{"title":"HOME - CHARISMA - leben","description":"Erleben Sie Ihr ganz pers\u00f6nliches Charisma! Charisma ist lernbar. Die F\u00e4higkeit andere Menschen zu inspirieren, zu \u00fcberzeugen und f\u00fchren zu k\u00f6nnen.","robots":{"index":"index","follow":"follow","max-snippet":"max-snippet:-1","max-image-preview":"max-image-preview:large","max-video-preview":"max-video-preview:-1"},"canonical":"https:\/\/charismaleben.ch\/WP\/","og_locale":"de_DE","og_type":"article","og_title":"HOME - CHARISMA - leben","og_description":"Erleben Sie Ihr ganz pers\u00f6nliches Charisma! Charisma ist lernbar. Die F\u00e4higkeit andere Menschen zu inspirieren, zu \u00fcberzeugen und f\u00fchren zu k\u00f6nnen.","og_url":"https:\/\/charismaleben.ch\/WP\/","og_site_name":"CHARISMA - leben","article_modified_time":"2020-07-30T10:46:55+00:00","og_image":[{"url":"http:\/\/charismaleben.ch\/WP\/wp-content\/uploads\/2015\/10\/IMG_0402.jpg"}],"twitter_card":"summary","twitter_misc":{"Gesch\u00e4tzte Lesezeit":"1\u00a0Minute"},"schema":{"@context":"https:\/\/schema.org","@graph":[{"@type":"WebSite","@id":"https:\/\/charismaleben.ch\/WP\/#website","url":"https:\/\/charismaleben.ch\/WP\/","name":"CHARISMA - leben","description":"Charisma - Mythos gel\u00fcftet","potentialAction":[{"@type":"SearchAction","target":{"@type":"EntryPoint","urlTemplate":"https:\/\/charismaleben.ch\/WP\/?s={search_term_string}"},"query-input":"required name=search_term_string"}],"inLanguage":"de"},{"@type":"WebPage","@id":"https:\/\/charismaleben.ch\/WP\/","url":"https:\/\/charismaleben.ch\/WP\/","name":"HOME - CHARISMA - leben","isPartOf":{"@id":"https:\/\/charismaleben.ch\/WP\/#website"},"datePublished":"2015-10-05T12:15:44+00:00","dateModified":"2020-07-30T10:46:55+00:00","description":"Erleben Sie Ihr ganz pers\u00f6nliches Charisma! Charisma ist lernbar. Die F\u00e4higkeit andere Menschen zu inspirieren, zu \u00fcberzeugen und f\u00fchren zu k\u00f6nnen.","breadcrumb":{"@id":"https:\/\/charismaleben.ch\/WP\/#breadcrumb"},"inLanguage":"de","potentialAction":[{"@type":"ReadAction","target":["https:\/\/charismaleben.ch\/WP\/"]}]},{"@type":"BreadcrumbList","@id":"https:\/\/charismaleben.ch\/WP\/#breadcrumb","itemListElement":[{"@type":"ListItem","position":1,"name":"Startseite","item":"https:\/\/charismaleben.ch\/WP\/"},{"@type":"ListItem","position":2,"name":"HOME"}]}]}},"_links":{"self":[{"href":"https:\/\/charismaleben.ch\/WP\/wp-json\/wp\/v2\/pages\/6"}],"collection":[{"href":"https:\/\/charismaleben.ch\/WP\/wp-json\/wp\/v2\/pages"}],"about":[{"href":"https:\/\/charismaleben.ch\/WP\/wp-json\/wp\/v2\/types\/page"}],"author":[{"embeddable":true,"href":"https:\/\/charismaleben.ch\/WP\/wp-json\/wp\/v2\/users\/3"}],"replies":[{"embeddable":true,"href":"https:\/\/charismaleben.ch\/WP\/wp-json\/wp\/v2\/comments?post=6"}],"version-history":[{"count":44,"href":"https:\/\/charismaleben.ch\/WP\/wp-json\/wp\/v2\/pages\/6\/revisions"}],"predecessor-version":[{"id":369,"href":"https:\/\/charismaleben.ch\/WP\/wp-json\/wp\/v2\/pages\/6\/revisions\/369"}],"wp:attachment":[{"href":"https:\/\/charismaleben.ch\/WP\/wp-json\/wp\/v2\/media?parent=6"}],"curies":[{"name":"wp","href":"https:\/\/api.w.org\/{rel}","templated":true}]}}