{"id":15,"date":"2015-10-05T14:20:24","date_gmt":"2015-10-05T12:20:24","guid":{"rendered":"http:\/\/charismaleben.ch\/WP\/?page_id=15"},"modified":"2017-06-01T14:15:17","modified_gmt":"2017-06-01T12:15:17","slug":"faq-haeufige-fragen","status":"publish","type":"page","link":"https:\/\/charismaleben.ch\/WP\/faq-haeufige-fragen\/","title":{"rendered":"FAQ &#8211; h\u00e4ufige Fragen"},"content":{"rendered":"<p align=\"LEFT\"><strong>Was ist das Geheimnis charismatischer Menschen?<br \/>\n<\/strong>Charisma ist in hohem Masse eine Frage der emotionalen und sozialen Intelligenz. Doch das Geheimnis charismatisch zu sein liegt auch im Timing: Charisma ist eine Mischung aus Pers\u00f6nlichkeit und Technik.<\/p>\n<p align=\"LEFT\"><strong>Wie schaffen Sie es, andere in Ihren Bann zu ziehen und zu beeinflussen?<br \/>\n<\/strong>Sie erfahren die Grunds\u00e4tze des Charismas sowie die Regeln und Techniken, wie Sie in Zukunft noch charismatischer auftreten und wirken k\u00f6nnen.<\/p>\n<p align=\"LEFT\"><strong>Kann ich das lernen?<br \/>\n<\/strong>Ja. Entwickeln Sie Ihre Pers\u00f6nlichkeit, indem Sie Ihr Wissen und Ihre Erfahrung zur Wirkung bringen.<\/p>\n<p align=\"LEFT\"><strong>Was ist Charisma?<br \/>\n<\/strong>\u201eCharisma ist die F\u00e4higkeit, Aufmerksamkeit auf sich zu lenken und festzuhalten\u201c. Ernsthaftigkeit und W\u00fcrde im Umgang mit sich und den Mitmenschen ist die Voraussetzungen f\u00fcr eine charismatische Dignit\u00e4t. Dies ist nicht eine Frage des K\u00f6nnens sondern sehr viel mehr des Wollens.<\/p>\n<p align=\"LEFT\"><strong>Was ist der Unterschied zwischen Charisma und Aura?<br \/>\n<\/strong>Aura leben die Leute mit ihrem Auftritt und Erscheinung. Charisma ist u.a. ihre Denk und Verhaltensweise.<\/p>\n<p>&nbsp;<\/p>\n","protected":false},"excerpt":{"rendered":"<p>Was ist das Geheimnis charismatischer Menschen? Charisma ist in hohem Masse eine Frage der emotionalen und sozialen Intelligenz. Doch das Geheimnis charismatisch zu sein liegt auch im Timing: Charisma ist eine Mischung aus Pers\u00f6nlichkeit und Technik. Wie schaffen Sie es, &hellip; <a href=\"https:\/\/charismaleben.ch\/WP\/faq-haeufige-fragen\/\">Weiterlesen <span class=\"meta-nav\">&rarr;<\/span><\/a><\/p>\n","protected":false},"author":3,"featured_media":0,"parent":0,"menu_order":0,"comment_status":"closed","ping_status":"closed","template":"","meta":[],"yoast_head":"<!-- This site is optimized with the Yoast SEO plugin v19.4 - https:\/\/yoast.com\/wordpress\/plugins\/seo\/ -->\n<title>FAQ - h\u00e4ufige Fragen - CHARISMA - leben<\/title>\n<meta name=\"description\" content=\"Wie schaffen Sie es, andere in Ihren Bann zu ziehen und zu beeinflussen? Charisma ist eine Mischung aus Pers\u00f6nlichkeit und Technik.\" \/>\n<meta name=\"robots\" content=\"index, follow, max-snippet:-1, max-image-preview:large, max-video-preview:-1\" \/>\n<link rel=\"canonical\" href=\"https:\/\/charismaleben.ch\/WP\/faq-haeufige-fragen\/\" \/>\n<meta property=\"og:locale\" content=\"de_DE\" \/>\n<meta property=\"og:type\" content=\"article\" \/>\n<meta property=\"og:title\" content=\"FAQ - h\u00e4ufige Fragen - CHARISMA - leben\" \/>\n<meta property=\"og:description\" content=\"Wie schaffen Sie es, andere in Ihren Bann zu ziehen und zu beeinflussen? Charisma ist eine Mischung aus Pers\u00f6nlichkeit und Technik.\" \/>\n<meta property=\"og:url\" content=\"https:\/\/charismaleben.ch\/WP\/faq-haeufige-fragen\/\" \/>\n<meta property=\"og:site_name\" content=\"CHARISMA - leben\" \/>\n<meta property=\"article:modified_time\" content=\"2017-06-01T12:15:17+00:00\" \/>\n<meta name=\"twitter:card\" content=\"summary\" \/>\n<meta name=\"twitter:label1\" content=\"Gesch\u00e4tzte Lesezeit\" \/>\n\t<meta name=\"twitter:data1\" content=\"1\u00a0Minute\" \/>\n<script type=\"application\/ld+json\" class=\"yoast-schema-graph\">{\"@context\":\"https:\/\/schema.org\",\"@graph\":[{\"@type\":\"WebSite\",\"@id\":\"https:\/\/charismaleben.ch\/WP\/#website\",\"url\":\"https:\/\/charismaleben.ch\/WP\/\",\"name\":\"CHARISMA - leben\",\"description\":\"Charisma - Mythos gel\u00fcftet\",\"potentialAction\":[{\"@type\":\"SearchAction\",\"target\":{\"@type\":\"EntryPoint\",\"urlTemplate\":\"https:\/\/charismaleben.ch\/WP\/?s={search_term_string}\"},\"query-input\":\"required name=search_term_string\"}],\"inLanguage\":\"de\"},{\"@type\":\"WebPage\",\"@id\":\"https:\/\/charismaleben.ch\/WP\/faq-haeufige-fragen\/\",\"url\":\"https:\/\/charismaleben.ch\/WP\/faq-haeufige-fragen\/\",\"name\":\"FAQ - h\u00e4ufige Fragen - CHARISMA - leben\",\"isPartOf\":{\"@id\":\"https:\/\/charismaleben.ch\/WP\/#website\"},\"datePublished\":\"2015-10-05T12:20:24+00:00\",\"dateModified\":\"2017-06-01T12:15:17+00:00\",\"description\":\"Wie schaffen Sie es, andere in Ihren Bann zu ziehen und zu beeinflussen? Charisma ist eine Mischung aus Pers\u00f6nlichkeit und Technik.\",\"breadcrumb\":{\"@id\":\"https:\/\/charismaleben.ch\/WP\/faq-haeufige-fragen\/#breadcrumb\"},\"inLanguage\":\"de\",\"potentialAction\":[{\"@type\":\"ReadAction\",\"target\":[\"https:\/\/charismaleben.ch\/WP\/faq-haeufige-fragen\/\"]}]},{\"@type\":\"BreadcrumbList\",\"@id\":\"https:\/\/charismaleben.ch\/WP\/faq-haeufige-fragen\/#breadcrumb\",\"itemListElement\":[{\"@type\":\"ListItem\",\"position\":1,\"name\":\"Startseite\",\"item\":\"https:\/\/charismaleben.ch\/WP\/\"},{\"@type\":\"ListItem\",\"position\":2,\"name\":\"FAQ &#8211; h\u00e4ufige Fragen\"}]}]}<\/script>\n<!-- \/ Yoast SEO plugin. -->","yoast_head_json":{"title":"FAQ - h\u00e4ufige Fragen - CHARISMA - leben","description":"Wie schaffen Sie es, andere in Ihren Bann zu ziehen und zu beeinflussen? Charisma ist eine Mischung aus Pers\u00f6nlichkeit und Technik.","robots":{"index":"index","follow":"follow","max-snippet":"max-snippet:-1","max-image-preview":"max-image-preview:large","max-video-preview":"max-video-preview:-1"},"canonical":"https:\/\/charismaleben.ch\/WP\/faq-haeufige-fragen\/","og_locale":"de_DE","og_type":"article","og_title":"FAQ - h\u00e4ufige Fragen - CHARISMA - leben","og_description":"Wie schaffen Sie es, andere in Ihren Bann zu ziehen und zu beeinflussen? Charisma ist eine Mischung aus Pers\u00f6nlichkeit und Technik.","og_url":"https:\/\/charismaleben.ch\/WP\/faq-haeufige-fragen\/","og_site_name":"CHARISMA - leben","article_modified_time":"2017-06-01T12:15:17+00:00","twitter_card":"summary","twitter_misc":{"Gesch\u00e4tzte Lesezeit":"1\u00a0Minute"},"schema":{"@context":"https:\/\/schema.org","@graph":[{"@type":"WebSite","@id":"https:\/\/charismaleben.ch\/WP\/#website","url":"https:\/\/charismaleben.ch\/WP\/","name":"CHARISMA - leben","description":"Charisma - Mythos gel\u00fcftet","potentialAction":[{"@type":"SearchAction","target":{"@type":"EntryPoint","urlTemplate":"https:\/\/charismaleben.ch\/WP\/?s={search_term_string}"},"query-input":"required name=search_term_string"}],"inLanguage":"de"},{"@type":"WebPage","@id":"https:\/\/charismaleben.ch\/WP\/faq-haeufige-fragen\/","url":"https:\/\/charismaleben.ch\/WP\/faq-haeufige-fragen\/","name":"FAQ - h\u00e4ufige Fragen - CHARISMA - leben","isPartOf":{"@id":"https:\/\/charismaleben.ch\/WP\/#website"},"datePublished":"2015-10-05T12:20:24+00:00","dateModified":"2017-06-01T12:15:17+00:00","description":"Wie schaffen Sie es, andere in Ihren Bann zu ziehen und zu beeinflussen? Charisma ist eine Mischung aus Pers\u00f6nlichkeit und Technik.","breadcrumb":{"@id":"https:\/\/charismaleben.ch\/WP\/faq-haeufige-fragen\/#breadcrumb"},"inLanguage":"de","potentialAction":[{"@type":"ReadAction","target":["https:\/\/charismaleben.ch\/WP\/faq-haeufige-fragen\/"]}]},{"@type":"BreadcrumbList","@id":"https:\/\/charismaleben.ch\/WP\/faq-haeufige-fragen\/#breadcrumb","itemListElement":[{"@type":"ListItem","position":1,"name":"Startseite","item":"https:\/\/charismaleben.ch\/WP\/"},{"@type":"ListItem","position":2,"name":"FAQ &#8211; h\u00e4ufige Fragen"}]}]}},"_links":{"self":[{"href":"https:\/\/charismaleben.ch\/WP\/wp-json\/wp\/v2\/pages\/15"}],"collection":[{"href":"https:\/\/charismaleben.ch\/WP\/wp-json\/wp\/v2\/pages"}],"about":[{"href":"https:\/\/charismaleben.ch\/WP\/wp-json\/wp\/v2\/types\/page"}],"author":[{"embeddable":true,"href":"https:\/\/charismaleben.ch\/WP\/wp-json\/wp\/v2\/users\/3"}],"replies":[{"embeddable":true,"href":"https:\/\/charismaleben.ch\/WP\/wp-json\/wp\/v2\/comments?post=15"}],"version-history":[{"count":3,"href":"https:\/\/charismaleben.ch\/WP\/wp-json\/wp\/v2\/pages\/15\/revisions"}],"predecessor-version":[{"id":62,"href":"https:\/\/charismaleben.ch\/WP\/wp-json\/wp\/v2\/pages\/15\/revisions\/62"}],"wp:attachment":[{"href":"https:\/\/charismaleben.ch\/WP\/wp-json\/wp\/v2\/media?parent=15"}],"curies":[{"name":"wp","href":"https:\/\/api.w.org\/{rel}","templated":true}]}}