{"id":13,"date":"2015-10-05T14:18:51","date_gmt":"2015-10-05T12:18:51","guid":{"rendered":"http:\/\/charismaleben.ch\/WP\/?page_id=13"},"modified":"2016-01-03T12:22:02","modified_gmt":"2016-01-03T11:22:02","slug":"glossar","status":"publish","type":"page","link":"https:\/\/charismaleben.ch\/WP\/glossar\/","title":{"rendered":"GLOSSAR"},"content":{"rendered":"<p align=\"LEFT\"><strong>Resilienz<\/strong><br \/>\nEin anschauliches Beispiel f\u00fcr Resilienz im engeren Sinn ist die F\u00e4higkeit von Stehaufm\u00e4nnchen, sich aus jeder beliebigen Lage wieder aufzurichten. In\u00a0 der Individualpsychologie l\u00e4sst sich Resilienz damit erkl\u00e4ren, warum und wie Menschen Herr ihres eigenen Lebens werden.<\/p>\n<p align=\"LEFT\"><strong>Work-Life-Balance<\/strong><br \/>\nDer Begriff Work-Life-Balance steht f\u00fcr einen Zustand, in dem Arbeits- und\u00a0Privatleben miteinander in Einklang stehen. Die Begriffsbildung Work-Life-Balance stammt aus dem Englischen: Arbeit (work), Leben (life), Gleichgewicht (balance).<\/p>\n<p align=\"LEFT\"><strong>Rhetorik<br \/>\n<\/strong>Die Kunst einer Rede, die mit spezieller Wortwahl in gesellschaftspolitischer oder in wissenschaftlicher sowie in sachbezogener Art und Weise die Zuh\u00f6rer \u00fcberzeugt und zum Handeln motiviert.<\/p>\n<p align=\"LEFT\"><strong>Diplomatisch sein<br \/>\n<\/strong>Das Verhalten im Tun und Lassen in Verhandlungen mit der Perspektive einer Win-win-Situation, ohne jemanden damit blosszustellen.<\/p>\n<p align=\"LEFT\"><strong>Charismatisch sein<br \/>\n<\/strong>Menschen mit den eigenen Ideen inspirieren und \u00fcberzeugen sowie zum Handeln gewinnen.<\/p>\n<p>&nbsp;<\/p>\n","protected":false},"excerpt":{"rendered":"<p>Resilienz Ein anschauliches Beispiel f\u00fcr Resilienz im engeren Sinn ist die F\u00e4higkeit von Stehaufm\u00e4nnchen, sich aus jeder beliebigen Lage wieder aufzurichten. In\u00a0 der Individualpsychologie l\u00e4sst sich Resilienz damit erkl\u00e4ren, warum und wie Menschen Herr ihres eigenen Lebens werden. Work-Life-Balance Der &hellip; <a href=\"https:\/\/charismaleben.ch\/WP\/glossar\/\">Weiterlesen <span class=\"meta-nav\">&rarr;<\/span><\/a><\/p>\n","protected":false},"author":3,"featured_media":0,"parent":0,"menu_order":0,"comment_status":"closed","ping_status":"closed","template":"","meta":[],"yoast_head":"<!-- This site is optimized with the Yoast SEO plugin v19.4 - https:\/\/yoast.com\/wordpress\/plugins\/seo\/ -->\n<title>GLOSSAR - CHARISMA - leben<\/title>\n<meta name=\"description\" content=\"Hier sind alle wichtgen Begriffe zum Thema Charisma.\" \/>\n<meta name=\"robots\" content=\"index, follow, max-snippet:-1, max-image-preview:large, max-video-preview:-1\" \/>\n<link rel=\"canonical\" href=\"https:\/\/charismaleben.ch\/WP\/glossar\/\" \/>\n<meta property=\"og:locale\" content=\"de_DE\" \/>\n<meta property=\"og:type\" content=\"article\" \/>\n<meta property=\"og:title\" content=\"GLOSSAR - CHARISMA - leben\" \/>\n<meta property=\"og:description\" content=\"Hier sind alle wichtgen Begriffe zum Thema Charisma.\" \/>\n<meta property=\"og:url\" content=\"https:\/\/charismaleben.ch\/WP\/glossar\/\" \/>\n<meta property=\"og:site_name\" content=\"CHARISMA - leben\" \/>\n<meta property=\"article:modified_time\" content=\"2016-01-03T11:22:02+00:00\" \/>\n<meta name=\"twitter:card\" content=\"summary\" \/>\n<meta name=\"twitter:label1\" content=\"Gesch\u00e4tzte Lesezeit\" \/>\n\t<meta name=\"twitter:data1\" content=\"1\u00a0Minute\" \/>\n<script type=\"application\/ld+json\" class=\"yoast-schema-graph\">{\"@context\":\"https:\/\/schema.org\",\"@graph\":[{\"@type\":\"WebSite\",\"@id\":\"https:\/\/charismaleben.ch\/WP\/#website\",\"url\":\"https:\/\/charismaleben.ch\/WP\/\",\"name\":\"CHARISMA - leben\",\"description\":\"Charisma - Mythos gel\u00fcftet\",\"potentialAction\":[{\"@type\":\"SearchAction\",\"target\":{\"@type\":\"EntryPoint\",\"urlTemplate\":\"https:\/\/charismaleben.ch\/WP\/?s={search_term_string}\"},\"query-input\":\"required name=search_term_string\"}],\"inLanguage\":\"de\"},{\"@type\":\"WebPage\",\"@id\":\"https:\/\/charismaleben.ch\/WP\/glossar\/\",\"url\":\"https:\/\/charismaleben.ch\/WP\/glossar\/\",\"name\":\"GLOSSAR - CHARISMA - leben\",\"isPartOf\":{\"@id\":\"https:\/\/charismaleben.ch\/WP\/#website\"},\"datePublished\":\"2015-10-05T12:18:51+00:00\",\"dateModified\":\"2016-01-03T11:22:02+00:00\",\"description\":\"Hier sind alle wichtgen Begriffe zum Thema Charisma.\",\"breadcrumb\":{\"@id\":\"https:\/\/charismaleben.ch\/WP\/glossar\/#breadcrumb\"},\"inLanguage\":\"de\",\"potentialAction\":[{\"@type\":\"ReadAction\",\"target\":[\"https:\/\/charismaleben.ch\/WP\/glossar\/\"]}]},{\"@type\":\"BreadcrumbList\",\"@id\":\"https:\/\/charismaleben.ch\/WP\/glossar\/#breadcrumb\",\"itemListElement\":[{\"@type\":\"ListItem\",\"position\":1,\"name\":\"Startseite\",\"item\":\"https:\/\/charismaleben.ch\/WP\/\"},{\"@type\":\"ListItem\",\"position\":2,\"name\":\"GLOSSAR\"}]}]}<\/script>\n<!-- \/ Yoast SEO plugin. -->","yoast_head_json":{"title":"GLOSSAR - CHARISMA - leben","description":"Hier sind alle wichtgen Begriffe zum Thema Charisma.","robots":{"index":"index","follow":"follow","max-snippet":"max-snippet:-1","max-image-preview":"max-image-preview:large","max-video-preview":"max-video-preview:-1"},"canonical":"https:\/\/charismaleben.ch\/WP\/glossar\/","og_locale":"de_DE","og_type":"article","og_title":"GLOSSAR - CHARISMA - leben","og_description":"Hier sind alle wichtgen Begriffe zum Thema Charisma.","og_url":"https:\/\/charismaleben.ch\/WP\/glossar\/","og_site_name":"CHARISMA - leben","article_modified_time":"2016-01-03T11:22:02+00:00","twitter_card":"summary","twitter_misc":{"Gesch\u00e4tzte Lesezeit":"1\u00a0Minute"},"schema":{"@context":"https:\/\/schema.org","@graph":[{"@type":"WebSite","@id":"https:\/\/charismaleben.ch\/WP\/#website","url":"https:\/\/charismaleben.ch\/WP\/","name":"CHARISMA - leben","description":"Charisma - Mythos gel\u00fcftet","potentialAction":[{"@type":"SearchAction","target":{"@type":"EntryPoint","urlTemplate":"https:\/\/charismaleben.ch\/WP\/?s={search_term_string}"},"query-input":"required name=search_term_string"}],"inLanguage":"de"},{"@type":"WebPage","@id":"https:\/\/charismaleben.ch\/WP\/glossar\/","url":"https:\/\/charismaleben.ch\/WP\/glossar\/","name":"GLOSSAR - CHARISMA - leben","isPartOf":{"@id":"https:\/\/charismaleben.ch\/WP\/#website"},"datePublished":"2015-10-05T12:18:51+00:00","dateModified":"2016-01-03T11:22:02+00:00","description":"Hier sind alle wichtgen Begriffe zum Thema Charisma.","breadcrumb":{"@id":"https:\/\/charismaleben.ch\/WP\/glossar\/#breadcrumb"},"inLanguage":"de","potentialAction":[{"@type":"ReadAction","target":["https:\/\/charismaleben.ch\/WP\/glossar\/"]}]},{"@type":"BreadcrumbList","@id":"https:\/\/charismaleben.ch\/WP\/glossar\/#breadcrumb","itemListElement":[{"@type":"ListItem","position":1,"name":"Startseite","item":"https:\/\/charismaleben.ch\/WP\/"},{"@type":"ListItem","position":2,"name":"GLOSSAR"}]}]}},"_links":{"self":[{"href":"https:\/\/charismaleben.ch\/WP\/wp-json\/wp\/v2\/pages\/13"}],"collection":[{"href":"https:\/\/charismaleben.ch\/WP\/wp-json\/wp\/v2\/pages"}],"about":[{"href":"https:\/\/charismaleben.ch\/WP\/wp-json\/wp\/v2\/types\/page"}],"author":[{"embeddable":true,"href":"https:\/\/charismaleben.ch\/WP\/wp-json\/wp\/v2\/users\/3"}],"replies":[{"embeddable":true,"href":"https:\/\/charismaleben.ch\/WP\/wp-json\/wp\/v2\/comments?post=13"}],"version-history":[{"count":3,"href":"https:\/\/charismaleben.ch\/WP\/wp-json\/wp\/v2\/pages\/13\/revisions"}],"predecessor-version":[{"id":60,"href":"https:\/\/charismaleben.ch\/WP\/wp-json\/wp\/v2\/pages\/13\/revisions\/60"}],"wp:attachment":[{"href":"https:\/\/charismaleben.ch\/WP\/wp-json\/wp\/v2\/media?parent=13"}],"curies":[{"name":"wp","href":"https:\/\/api.w.org\/{rel}","templated":true}]}}